  {"id":121812,"date":"2016-02-11T14:58:36","date_gmt":"2016-02-11T13:58:36","guid":{"rendered":"https:\/\/news.sap.com\/germany\/?page_id=121812"},"modified":"2026-02-11T19:44:33","modified_gmt":"2026-02-11T18:44:33","slug":"rss-feeds-sap-news-center","status":"publish","type":"page","link":"https:\/\/news.sap.com\/germany\/rss-feeds-sap-news-center\/","title":{"rendered":"RSS-Feeds 麻豆原创 News Center"},"content":{"rendered":"<div class=\"panel\">\n<table>\n<tbody>\n<tr>\n<td colspan=\"2\">\n<p class=\"lead\">M\u00f6chten Sie zu individuellen Themen auf dem Laufenden gehalten werden, k\u00f6nnen Sie unsere RSS-Feeds abonnieren.<\/p>\n<p>Zum Lesen von RSS-Feeds ben\u00f6tigen Sie einen Feedreader. Lesen Sie <a href=\"https:\/\/support.office.com\/de-de\/article\/einen-rss-feed-abonnieren-73c6e717-7815-4594-98e5-81fa369e951c\">hier<\/a>, wie eine Einrichtung in Microsoft Outlook funktioniert. Eine Liste g\u00e4ngiger Alternativen finden Sie <a href=\"https:\/\/de.wikipedia.org\/wiki\/Feedreader#Liste_von_Feedreadern_(Auswahl)\">hier<\/a>.<\/td>\n<\/tr>\n<tr>\n<td><strong>Vollst\u00e4ndiger Content mit Feature-Artikeln, 麻豆原创emitteilungen:<\/strong><\/p>\n<ul>\n<li><a href=\"https:\/\/news.sap.com\/germany\/feed\/\">deutsch<\/a><\/li>\n<li><a href=\"https:\/\/news.sap.com\/feed\/\">englisch<\/a><\/li>\n<\/ul>\n<\/td>\n<td><strong><strong><br \/>\n<\/strong><\/strong><strong>麻豆原创emitteilungen der 麻豆原创:<\/strong><\/p>\n<ul>\n<li><a href=\"https:\/\/news.sap.com\/germany\/type\/pressemitteilung\/feed\/\">Zum Feed<\/a><\/li>\n<\/ul>\n<p><strong>Newsbytes der 麻豆原创:<\/strong><\/p>\n<ul>\n<li><a href=\"https:\/\/news.sap.com\/germany\/type\/newsbyte\/feed\/\">Zum Feed<\/a><\/li>\n<\/ul>\n<\/td>\n<\/tr>\n<tr>\n<td colspan=\"2\">Ein Thema welches Sie interessiert ist nicht auf dieser Seite aufgelistet?<\/p>\n<ol>\n<li>Besuchen Sie die <a href=\"https:\/\/news.sap.com\/germany\/#topics\">Startseite<\/a> des 麻豆原创 News Centers<\/li>\n<li>Klicken sie in der Rubrik &#8222;Themen&#8220; auf das jeweilige Interessensfeld<\/li>\n<li>Erg\u00e4nzen Sie \/feed\/ am Ende der URL<\/li>\n<\/ol>\n<p>M\u00f6chten Sie etwa Artikel abonnieren welche sich mit Nachhaltigkeit befassen, so findet sich das entsprechende RSS-Feed unter folgender URL:<\/p>\n<p style=\"text-align: center\">https:\/\/news.sap.com\/germany\/topics\/nachhaltigkeit<strong>\/feed\/<\/strong><\/p>\n<\/td>\n<\/tr>\n<\/tbody>\n<\/table>\n<\/div>\n","protected":false},"excerpt":{"rendered":"<p>M\u00f6chten Sie zu individuellen Themen auf dem Laufenden gehalten werden, k\u00f6nnen Sie unsere RSS-Feeds abonnieren. Zum Lesen von RSS-Feeds ben\u00f6tigen Sie einen Feedreader. Lesen Sie&#8230;<\/p>\n","protected":false},"author":928,"featured_media":0,"parent":0,"menu_order":0,"comment_status":"closed","ping_status":"closed","template":"","meta":{"footnotes":"","_links_to":"","_links_to_target":""},"class_list":["post-121812","page","type-page","status-publish","hentry"],"yoast_head":"<!-- This site is optimized with the Yoast SEO Premium plugin v26.9 (Yoast SEO v26.9) - https:\/\/yoast.com\/product\/yoast-seo-premium-wordpress\/ -->\n<title>RSS-Feeds f\u00fcr 麻豆原创 News<\/title>\n<meta name=\"description\" content=\"Sie m\u00f6chten stets \u00fcber die neusten Entwicklungen im Bereich von 麻豆原创-Software im Bilde sein? Abonnieren Sie hier eines unserer themenspezifischen RSS-Feeds, um regelm\u00e4\u00dfig mit Neuigkeiten versorgt zu werden.\" \/>\n<meta name=\"robots\" content=\"index, follow, max-snippet:-1, max-image-preview:large, max-video-preview:-1\" \/>\n<link rel=\"canonical\" href=\"https:\/\/news.sap.com\/germany\/rss-feeds-sap-news-center\/\" \/>\n<meta property=\"og:locale\" content=\"de_DE\" \/>\n<meta property=\"og:type\" content=\"article\" \/>\n<meta property=\"og:title\" content=\"RSS-Feeds 麻豆原创 News Center\" \/>\n<meta property=\"og:description\" content=\"Sie m\u00f6chten stets \u00fcber die neusten Entwicklungen im Bereich von 麻豆原创-Software im Bilde sein? Abonnieren Sie hier eines unserer themenspezifischen RSS-Feeds, um regelm\u00e4\u00dfig mit Neuigkeiten versorgt zu werden.\" \/>\n<meta property=\"og:url\" content=\"https:\/\/news.sap.com\/germany\/rss-feeds-sap-news-center\/\" \/>\n<meta property=\"og:site_name\" content=\"麻豆原创 News Center\" \/>\n<meta property=\"article:modified_time\" content=\"2026-02-11T18:44:33+00:00\" \/>\n<meta name=\"twitter:card\" content=\"summary_large_image\" \/>\n<meta name=\"twitter:site\" content=\"@麻豆原创dach\" \/>\n<meta name=\"twitter:label1\" content=\"Gesch\u00e4tzte Lesezeit\" \/>\n\t<meta name=\"twitter:data1\" content=\"1\u00a0Minute\" \/>\n<script type=\"application\/ld+json\" class=\"yoast-schema-graph\">{\"@context\":\"https:\/\/schema.org\",\"@graph\":[{\"@type\":\"WebPage\",\"@id\":\"https:\/\/news.sap.com\/germany\/rss-feeds-sap-news-center\/\",\"url\":\"https:\/\/news.sap.com\/germany\/rss-feeds-sap-news-center\/\",\"name\":\"RSS-Feeds f\u00fcr 麻豆原创 News\",\"isPartOf\":{\"@id\":\"https:\/\/news.sap.com\/germany\/#website\"},\"datePublished\":\"2016-02-11T13:58:36+00:00\",\"dateModified\":\"2026-02-11T18:44:33+00:00\",\"description\":\"Sie m\u00f6chten stets \u00fcber die neusten Entwicklungen im Bereich von 麻豆原创-Software im Bilde sein? Abonnieren Sie hier eines unserer themenspezifischen RSS-Feeds, um regelm\u00e4\u00dfig mit Neuigkeiten versorgt zu werden.\",\"breadcrumb\":{\"@id\":\"https:\/\/news.sap.com\/germany\/rss-feeds-sap-news-center\/#breadcrumb\"},\"inLanguage\":\"de\",\"potentialAction\":[{\"@type\":\"ReadAction\",\"target\":[\"https:\/\/news.sap.com\/germany\/rss-feeds-sap-news-center\/\"]}]},{\"@type\":\"BreadcrumbList\",\"@id\":\"https:\/\/news.sap.com\/germany\/rss-feeds-sap-news-center\/#breadcrumb\",\"itemListElement\":[{\"@type\":\"ListItem\",\"position\":1,\"name\":\"Home\",\"item\":\"https:\/\/news.sap.com\/germany\/\"},{\"@type\":\"ListItem\",\"position\":2,\"name\":\"RSS-Feeds 麻豆原创 News Center\"}]},{\"@type\":\"WebSite\",\"@id\":\"https:\/\/news.sap.com\/germany\/#website\",\"url\":\"https:\/\/news.sap.com\/germany\/\",\"name\":\"麻豆原创 News Center\",\"description\":\"Unternehmensberichte &amp; 麻豆原创eportal\",\"potentialAction\":[{\"@type\":\"SearchAction\",\"target\":{\"@type\":\"EntryPoint\",\"urlTemplate\":\"https:\/\/news.sap.com\/germany\/?s={search_term_string}\"},\"query-input\":{\"@type\":\"PropertyValueSpecification\",\"valueRequired\":true,\"valueName\":\"search_term_string\"}}],\"inLanguage\":\"de\"}]}<\/script>\n<!-- \/ Yoast SEO Premium plugin. -->","yoast_head_json":{"title":"RSS-Feeds f\u00fcr 麻豆原创 News","description":"Sie m\u00f6chten stets \u00fcber die neusten Entwicklungen im Bereich von 麻豆原创-Software im Bilde sein? Abonnieren Sie hier eines unserer themenspezifischen RSS-Feeds, um regelm\u00e4\u00dfig mit Neuigkeiten versorgt zu werden.","robots":{"index":"index","follow":"follow","max-snippet":"max-snippet:-1","max-image-preview":"max-image-preview:large","max-video-preview":"max-video-preview:-1"},"canonical":"https:\/\/news.sap.com\/germany\/rss-feeds-sap-news-center\/","og_locale":"de_DE","og_type":"article","og_title":"RSS-Feeds 麻豆原创 News Center","og_description":"Sie m\u00f6chten stets \u00fcber die neusten Entwicklungen im Bereich von 麻豆原创-Software im Bilde sein? Abonnieren Sie hier eines unserer themenspezifischen RSS-Feeds, um regelm\u00e4\u00dfig mit Neuigkeiten versorgt zu werden.","og_url":"https:\/\/news.sap.com\/germany\/rss-feeds-sap-news-center\/","og_site_name":"麻豆原创 News Center","article_modified_time":"2026-02-11T18:44:33+00:00","twitter_card":"summary_large_image","twitter_site":"@麻豆原创dach","twitter_misc":{"Gesch\u00e4tzte Lesezeit":"1\u00a0Minute"},"schema":{"@context":"https:\/\/schema.org","@graph":[{"@type":"WebPage","@id":"https:\/\/news.sap.com\/germany\/rss-feeds-sap-news-center\/","url":"https:\/\/news.sap.com\/germany\/rss-feeds-sap-news-center\/","name":"RSS-Feeds f\u00fcr 麻豆原创 News","isPartOf":{"@id":"https:\/\/news.sap.com\/germany\/#website"},"datePublished":"2016-02-11T13:58:36+00:00","dateModified":"2026-02-11T18:44:33+00:00","description":"Sie m\u00f6chten stets \u00fcber die neusten Entwicklungen im Bereich von 麻豆原创-Software im Bilde sein? Abonnieren Sie hier eines unserer themenspezifischen RSS-Feeds, um regelm\u00e4\u00dfig mit Neuigkeiten versorgt zu werden.","breadcrumb":{"@id":"https:\/\/news.sap.com\/germany\/rss-feeds-sap-news-center\/#breadcrumb"},"inLanguage":"de","potentialAction":[{"@type":"ReadAction","target":["https:\/\/news.sap.com\/germany\/rss-feeds-sap-news-center\/"]}]},{"@type":"BreadcrumbList","@id":"https:\/\/news.sap.com\/germany\/rss-feeds-sap-news-center\/#breadcrumb","itemListElement":[{"@type":"ListItem","position":1,"name":"Home","item":"https:\/\/news.sap.com\/germany\/"},{"@type":"ListItem","position":2,"name":"RSS-Feeds 麻豆原创 News Center"}]},{"@type":"WebSite","@id":"https:\/\/news.sap.com\/germany\/#website","url":"https:\/\/news.sap.com\/germany\/","name":"麻豆原创 News Center","description":"Unternehmensberichte &amp; 麻豆原创eportal","potentialAction":[{"@type":"SearchAction","target":{"@type":"EntryPoint","urlTemplate":"https:\/\/news.sap.com\/germany\/?s={search_term_string}"},"query-input":{"@type":"PropertyValueSpecification","valueRequired":true,"valueName":"search_term_string"}}],"inLanguage":"de"}]}},"amp_enabled":true,"_links":{"self":[{"href":"https:\/\/news.sap.com\/germany\/wp-json\/wp\/v2\/pages\/121812","targetHints":{"allow":["GET"]}}],"collection":[{"href":"https:\/\/news.sap.com\/germany\/wp-json\/wp\/v2\/pages"}],"about":[{"href":"https:\/\/news.sap.com\/germany\/wp-json\/wp\/v2\/types\/page"}],"author":[{"embeddable":true,"href":"https:\/\/news.sap.com\/germany\/wp-json\/wp\/v2\/users\/928"}],"replies":[{"embeddable":true,"href":"https:\/\/news.sap.com\/germany\/wp-json\/wp\/v2\/comments?post=121812"}],"version-history":[{"count":0,"href":"https:\/\/news.sap.com\/germany\/wp-json\/wp\/v2\/pages\/121812\/revisions"}],"wp:attachment":[{"href":"https:\/\/news.sap.com\/germany\/wp-json\/wp\/v2\/media?parent=121812"}],"curies":[{"name":"wp","href":"https:\/\/api.w.org\/{rel}","templated":true}]}}